{"id":27386,"date":"2024-04-09T12:57:45","date_gmt":"2024-04-09T12:57:45","guid":{"rendered":"https:\/\/amity.keydesign.xyz\/ngo\/?page_id=27386"},"modified":"2024-10-20T23:22:53","modified_gmt":"2024-10-20T23:22:53","slug":"dons","status":"publish","type":"page","link":"https:\/\/iplmguinee.com\/en\/dons\/","title":{"rendered":"Donations"},"content":{"rendered":"<div data-elementor-type=\"wp-page\" data-elementor-id=\"27386\" class=\"elementor elementor-27386\">\n\t\t\t\t<div class=\"elementor-element elementor-element-b2bfeed e-flex e-con-boxed e-con e-parent\" data-id=\"b2bfeed\" data-element_type=\"container\" data-settings=\"{&quot;background_background&quot;:&quot;classic&quot;,&quot;ekit_has_onepagescroll_dot&quot;:&quot;yes&quot;}\">\n\t\t\t\t\t<div class=\"e-con-inner\">\n\t\t<div class=\"elementor-element elementor-element-10914b0 e-con-full e-flex e-con e-child\" data-id=\"10914b0\" data-element_type=\"container\" data-settings=\"{&quot;ekit_has_onepagescroll_dot&quot;:&quot;yes&quot;}\">\n\t\t<div class=\"elementor-element elementor-element-cb8d90d e-con-full e-flex e-con e-child\" data-id=\"cb8d90d\" data-element_type=\"container\" data-settings=\"{&quot;ekit_has_onepagescroll_dot&quot;:&quot;yes&quot;}\">\n\t\t\t\t<div class=\"elementor-element elementor-element-b56fbed animated-fast elementor-invisible elementor-widget elementor-widget-elementskit-heading\" data-id=\"b56fbed\" data-element_type=\"widget\" data-settings=\"{&quot;ekit_we_effect_on&quot;:&quot;css&quot;,&quot;_animation&quot;:&quot;fadeIn&quot;,&quot;_animation_delay&quot;:100}\" data-widget_type=\"elementskit-heading.default\">\n\t\t\t\t<div class=\"elementor-widget-container\">\n\t\t\t\t\t<div class=\"ekit-wid-con\" ><div class=\"ekit-heading elementskit-section-title-wraper text_center   ekit_heading_tablet-   ekit_heading_mobile-text_center\"><h1 class=\"ekit-heading--title elementskit-section-title\">Donate to enable our <span>actions<\/span> to have a greater impact<\/h1>\t\t\t\t<div class='ekit-heading__description'>\n\t\t\t\t\t<p>Your support helps us go further. Each donation contributes to amplifying the impact of our actions.<\/p>\n\t\t\t\t<\/div>\n\t\t\t<\/div><\/div>\t\t\t\t<\/div>\n\t\t\t\t<\/div>\n\t\t\t\t<div class=\"elementor-element elementor-element-17271ed elementor-invisible elementor-widget elementor-widget-elementskit-breadcrumb\" data-id=\"17271ed\" data-element_type=\"widget\" data-settings=\"{&quot;_animation&quot;:&quot;fadeIn&quot;,&quot;_animation_delay&quot;:200,&quot;ekit_we_effect_on&quot;:&quot;none&quot;}\" data-widget_type=\"elementskit-breadcrumb.default\">\n\t\t\t\t<div class=\"elementor-widget-container\">\n\t\t\t\t\t<div class=\"ekit-wid-con\" ><ol class=\"ekit-breadcrumb\"><li class=\"ekit_breadcrumbs_start\"><a href=\"https:\/\/iplmguinee.com\/en\">Home<\/a><\/li><\/ol><\/div>\t\t\t\t<\/div>\n\t\t\t\t<\/div>\n\t\t\t\t<\/div>\n\t\t\t\t<\/div>\n\t\t\t\t\t<\/div>\n\t\t\t\t<\/div>\n\t\t<div class=\"elementor-element elementor-element-5a5ebfa e-flex e-con-boxed e-con e-parent\" data-id=\"5a5ebfa\" data-element_type=\"container\" data-settings=\"{&quot;background_background&quot;:&quot;classic&quot;,&quot;ekit_has_onepagescroll_dot&quot;:&quot;yes&quot;}\">\n\t\t\t\t\t<div class=\"e-con-inner\">\n\t\t<div class=\"elementor-element elementor-element-cc832e1 e-con-full e-flex e-con e-child\" data-id=\"cc832e1\" data-element_type=\"container\" data-settings=\"{&quot;ekit_has_onepagescroll_dot&quot;:&quot;yes&quot;}\">\n\t\t\t\t<div class=\"elementor-element elementor-element-737c53c elementor-widget elementor-widget-GiveWP_Form_Grid\" data-id=\"737c53c\" data-element_type=\"widget\" data-settings=\"{&quot;ekit_we_effect_on&quot;:&quot;none&quot;}\" data-widget_type=\"GiveWP_Form_Grid.default\">\n\t\t\t\t\t<div class=\"givewp-elementor-widget give-form-grid-shortcode-wrap\">\n\t\t\t<div class=\"give-wrap\"><div class=\"give-grid give-grid--3\">\n<div class=\"give-grid__item\">\n    <a id=\"give-card-28611\" onclick=\"return !document.body.classList.contains( 'block-editor-page' )\" class=\"give-card\" href=\"https:\/\/iplmguinee.com\/en\/donations\/don-pour-l-entrepreneuriat\/\">    <div class=\"give-form-grid\" style=\"flex-direction:column\">\n        \n                        <div class='give-form-grid-media'>\n                            <div class='give-card__media'> <img fetchpriority=\"high\" decoding=\"async\" width=\"850\" height=\"567\" src=\"https:\/\/iplmguinee.com\/wp-content\/uploads\/2024\/10\/iplm-guinee-image-22.jpg\" class=\"attachment- size-\" alt=\"\" style=\"height: \" srcset=\"https:\/\/iplmguinee.com\/wp-content\/uploads\/2024\/10\/iplm-guinee-image-22.jpg 850w, https:\/\/iplmguinee.com\/wp-content\/uploads\/2024\/10\/iplm-guinee-image-22-300x200.jpg 300w, https:\/\/iplmguinee.com\/wp-content\/uploads\/2024\/10\/iplm-guinee-image-22-768x512.jpg 768w, https:\/\/iplmguinee.com\/wp-content\/uploads\/2024\/10\/iplm-guinee-image-22-18x12.jpg 18w, https:\/\/iplmguinee.com\/wp-content\/uploads\/2024\/10\/iplm-guinee-image-22-710x474.jpg 710w\" sizes=\"(max-width: 850px) 100vw, 850px\" \/> <\/div>\n\n                            \n                        <\/div>\n                    \n        <div class=\"give-form-grid-container\">\n            <div class=\"give-form-grid-content\">\n                \n                <h3 class=\"give-form-grid-content__title\">Donation for entrepreneurship<\/h3><p class=\"give-form-grid-content__text\"><\/p>\n            <\/div>\n                            <div class=\"give-form-grid-progress\">\n                    <div class=\"give-form-grid-progress-bar\">\n                        <div class=\"give-progress-bar\" role=\"progressbar\" aria-valuemin=\"0\" aria-valuemax=\"100\" aria-valuenow=\"0\" aria-label=\"Form progress: 0% toward goal\">\n                            <span style=\"width:0%;background: linear-gradient(180deg, #69b868 0%, #69b868 100%); background-blend-mode: multiply;\"><\/span>\n                        <\/div>\n                    <\/div>                    <div class=\"form-grid-raised\">\n                        <div class=\"form-grid-raised__details\">\n                            <span class=\"amount\"  data-amounts=\"{    &quot;EUR&quot;: 0}\"><span class=\"give-skeleton js-give-async-data\" style=\"width: 1rem; height: 0.7rem;\"><\/span><\/span>\n                                                     <span class=\"goal\" data-amounts=\"{    &quot;EUR&quot;: 10000}\">of &euro;10.000<\/span>                        <\/div>\n\n                        <div class=\"form-grid-raised__details\">\n                            <span class=\"amount form-grid-raised__details_donations\">\n                                <span class=\"give-skeleton js-give-async-data\" style=\"width: 1rem; height: 0.7rem;\"><\/span>                            <\/span>\n                            <span class=\"goal\">\n                                donations <\/span>\n                        <\/div>\n                    <\/div>\n                <\/div>\n                    <\/div>\n    <\/div>\n    <\/a>\n    <\/div>\n\n\n<div class=\"give-grid__item\">\n    <a id=\"give-card-28610\" onclick=\"return !document.body.classList.contains( 'block-editor-page' )\" class=\"give-card\" href=\"https:\/\/iplmguinee.com\/en\/donations\/don-pour-la-technologie\/\">    <div class=\"give-form-grid\" style=\"flex-direction:column\">\n        \n                        <div class='give-form-grid-media'>\n                            <div class='give-card__media'> <img decoding=\"async\" width=\"850\" height=\"567\" src=\"https:\/\/iplmguinee.com\/wp-content\/uploads\/2024\/10\/iplm-guinee-image-21.jpg\" class=\"attachment- size-\" alt=\"\" style=\"height: \" srcset=\"https:\/\/iplmguinee.com\/wp-content\/uploads\/2024\/10\/iplm-guinee-image-21.jpg 850w, https:\/\/iplmguinee.com\/wp-content\/uploads\/2024\/10\/iplm-guinee-image-21-300x200.jpg 300w, https:\/\/iplmguinee.com\/wp-content\/uploads\/2024\/10\/iplm-guinee-image-21-768x512.jpg 768w, https:\/\/iplmguinee.com\/wp-content\/uploads\/2024\/10\/iplm-guinee-image-21-18x12.jpg 18w, https:\/\/iplmguinee.com\/wp-content\/uploads\/2024\/10\/iplm-guinee-image-21-710x474.jpg 710w\" sizes=\"(max-width: 850px) 100vw, 850px\" \/> <\/div>\n\n                            \n                        <\/div>\n                    \n        <div class=\"give-form-grid-container\">\n            <div class=\"give-form-grid-content\">\n                \n                <h3 class=\"give-form-grid-content__title\">Donation for technology<\/h3><p class=\"give-form-grid-content__text\"><\/p>\n            <\/div>\n                            <div class=\"give-form-grid-progress\">\n                    <div class=\"give-form-grid-progress-bar\">\n                        <div class=\"give-progress-bar\" role=\"progressbar\" aria-valuemin=\"0\" aria-valuemax=\"100\" aria-valuenow=\"0\" aria-label=\"Form progress: 0% toward goal\">\n                            <span style=\"width:0%;background: linear-gradient(180deg, #69b868 0%, #69b868 100%); background-blend-mode: multiply;\"><\/span>\n                        <\/div>\n                    <\/div>                    <div class=\"form-grid-raised\">\n                        <div class=\"form-grid-raised__details\">\n                            <span class=\"amount\"  data-amounts=\"{    &quot;EUR&quot;: 0}\"><span class=\"give-skeleton js-give-async-data\" style=\"width: 1rem; height: 0.7rem;\"><\/span><\/span>\n                                                     <span class=\"goal\" data-amounts=\"{    &quot;EUR&quot;: 10000}\">of &euro;10.000<\/span>                        <\/div>\n\n                        <div class=\"form-grid-raised__details\">\n                            <span class=\"amount form-grid-raised__details_donations\">\n                                <span class=\"give-skeleton js-give-async-data\" style=\"width: 1rem; height: 0.7rem;\"><\/span>                            <\/span>\n                            <span class=\"goal\">\n                                donations <\/span>\n                        <\/div>\n                    <\/div>\n                <\/div>\n                    <\/div>\n    <\/div>\n    <\/a>\n    <\/div>\n\n\n<div class=\"give-grid__item\">\n    <a id=\"give-card-28609\" onclick=\"return !document.body.classList.contains( 'block-editor-page' )\" class=\"give-card\" href=\"https:\/\/iplmguinee.com\/en\/donations\/don-pour-l-humanite\/\">    <div class=\"give-form-grid\" style=\"flex-direction:column\">\n        \n                        <div class='give-form-grid-media'>\n                            <div class='give-card__media'> <img decoding=\"async\" width=\"850\" height=\"567\" src=\"https:\/\/iplmguinee.com\/wp-content\/uploads\/2024\/10\/iplm-guinee-image-20.jpg\" class=\"attachment- size-\" alt=\"\" style=\"height: \" srcset=\"https:\/\/iplmguinee.com\/wp-content\/uploads\/2024\/10\/iplm-guinee-image-20.jpg 850w, https:\/\/iplmguinee.com\/wp-content\/uploads\/2024\/10\/iplm-guinee-image-20-300x200.jpg 300w, https:\/\/iplmguinee.com\/wp-content\/uploads\/2024\/10\/iplm-guinee-image-20-768x512.jpg 768w, https:\/\/iplmguinee.com\/wp-content\/uploads\/2024\/10\/iplm-guinee-image-20-18x12.jpg 18w, https:\/\/iplmguinee.com\/wp-content\/uploads\/2024\/10\/iplm-guinee-image-20-710x474.jpg 710w\" sizes=\"(max-width: 850px) 100vw, 850px\" \/> <\/div>\n\n                            \n                        <\/div>\n                    \n        <div class=\"give-form-grid-container\">\n            <div class=\"give-form-grid-content\">\n                \n                <h3 class=\"give-form-grid-content__title\">Gift for humanity<\/h3><p class=\"give-form-grid-content__text\"><\/p>\n            <\/div>\n                            <div class=\"give-form-grid-progress\">\n                    <div class=\"give-form-grid-progress-bar\">\n                        <div class=\"give-progress-bar\" role=\"progressbar\" aria-valuemin=\"0\" aria-valuemax=\"100\" aria-valuenow=\"0\" aria-label=\"Form progress: 0% toward goal\">\n                            <span style=\"width:0%;background: linear-gradient(180deg, #69b868 0%, #69b868 100%); background-blend-mode: multiply;\"><\/span>\n                        <\/div>\n                    <\/div>                    <div class=\"form-grid-raised\">\n                        <div class=\"form-grid-raised__details\">\n                            <span class=\"amount\"  data-amounts=\"{    &quot;EUR&quot;: 0}\"><span class=\"give-skeleton js-give-async-data\" style=\"width: 1rem; height: 0.7rem;\"><\/span><\/span>\n                                                     <span class=\"goal\" data-amounts=\"{    &quot;EUR&quot;: 10000}\">of &euro;10.000<\/span>                        <\/div>\n\n                        <div class=\"form-grid-raised__details\">\n                            <span class=\"amount form-grid-raised__details_donations\">\n                                <span class=\"give-skeleton js-give-async-data\" style=\"width: 1rem; height: 0.7rem;\"><\/span>                            <\/span>\n                            <span class=\"goal\">\n                                donations <\/span>\n                        <\/div>\n                    <\/div>\n                <\/div>\n                    <\/div>\n    <\/div>\n    <\/a>\n    <\/div>\n\n\n<div class=\"give-grid__item\">\n    <a id=\"give-card-13\" onclick=\"return !document.body.classList.contains( 'block-editor-page' )\" class=\"give-card\" href=\"https:\/\/iplmguinee.com\/en\/donations\/don-pour-l-education\/\">    <div class=\"give-form-grid\" style=\"flex-direction:column\">\n        \n                        <div class='give-form-grid-media'>\n                            <div class='give-card__media'> <img loading=\"lazy\" decoding=\"async\" width=\"850\" height=\"567\" src=\"https:\/\/iplmguinee.com\/wp-content\/uploads\/2024\/10\/iplm-guinee-image-19.jpg\" class=\"attachment- size-\" alt=\"\" style=\"height: \" srcset=\"https:\/\/iplmguinee.com\/wp-content\/uploads\/2024\/10\/iplm-guinee-image-19.jpg 850w, https:\/\/iplmguinee.com\/wp-content\/uploads\/2024\/10\/iplm-guinee-image-19-300x200.jpg 300w, https:\/\/iplmguinee.com\/wp-content\/uploads\/2024\/10\/iplm-guinee-image-19-768x512.jpg 768w, https:\/\/iplmguinee.com\/wp-content\/uploads\/2024\/10\/iplm-guinee-image-19-18x12.jpg 18w, https:\/\/iplmguinee.com\/wp-content\/uploads\/2024\/10\/iplm-guinee-image-19-710x474.jpg 710w\" sizes=\"(max-width: 850px) 100vw, 850px\" \/> <\/div>\n\n                            \n                        <\/div>\n                    \n        <div class=\"give-form-grid-container\">\n            <div class=\"give-form-grid-content\">\n                \n                <h3 class=\"give-form-grid-content__title\">Donation for education<\/h3><p class=\"give-form-grid-content__text\"><\/p>\n            <\/div>\n                            <div class=\"give-form-grid-progress\">\n                    <div class=\"give-form-grid-progress-bar\">\n                        <div class=\"give-progress-bar\" role=\"progressbar\" aria-valuemin=\"0\" aria-valuemax=\"100\" aria-valuenow=\"0\" aria-label=\"Form progress: 0% toward goal\">\n                            <span style=\"width:0%;background: linear-gradient(180deg, #69b868 0%, #69b868 100%); background-blend-mode: multiply;\"><\/span>\n                        <\/div>\n                    <\/div>                    <div class=\"form-grid-raised\">\n                        <div class=\"form-grid-raised__details\">\n                            <span class=\"amount\"  data-amounts=\"{    &quot;EUR&quot;: 0}\"><span class=\"give-skeleton js-give-async-data\" style=\"width: 1rem; height: 0.7rem;\"><\/span><\/span>\n                                                     <span class=\"goal\" data-amounts=\"{    &quot;EUR&quot;: 10000}\">of &euro;10.000<\/span>                        <\/div>\n\n                        <div class=\"form-grid-raised__details\">\n                            <span class=\"amount form-grid-raised__details_donations\">\n                                <span class=\"give-skeleton js-give-async-data\" style=\"width: 1rem; height: 0.7rem;\"><\/span>                            <\/span>\n                            <span class=\"goal\">\n                                donations <\/span>\n                        <\/div>\n                    <\/div>\n                <\/div>\n                    <\/div>\n    <\/div>\n    <\/a>\n    <\/div>\n\n<\/div><!-- .give-grid --><div class=\"give-page-numbers\"><\/div><\/div><!-- .give-wrap --><\/div>\t\t\t\t<\/div>\n\t\t\t\t<\/div>\n\t\t\t\t\t<\/div>\n\t\t\t\t<\/div>\n\t\t\t\t<\/div>","protected":false},"excerpt":{"rendered":"<p>Donnez pour permettre \u00e0 nos actions d&rsquo;avoir un impact plus grand Votre soutien nous aide \u00e0 aller plus loin. Chaque don contribue \u00e0 amplifier l\u2019impact de nos actions. Home Don pour l\u2019entrepreneuriat of &euro;10.000 dons Don pour la technologie of &euro;10.000 dons Don pour l\u2019humanit\u00e9 of &euro;10.000 dons Don pour l&#8217;\u00e9ducation of &euro;10.000 dons<\/p>","protected":false},"author":1,"featured_media":0,"parent":0,"menu_order":0,"comment_status":"closed","ping_status":"closed","template":"","meta":{"give_campaign_id":0,"footnotes":""},"class_list":["post-27386","page","type-page","status-publish","hentry"],"yoast_head":"<!-- This site is optimized with the Yoast SEO plugin v26.5 - https:\/\/yoast.com\/wordpress\/plugins\/seo\/ -->\n<title>Dons - IPLM Guin\u00e9e<\/title>\n<meta name=\"description\" content=\"Donnez pour permettre \u00e0 nos actions d&#039;avoir un impact plus grand Votre soutien nous aide \u00e0 aller plus loin. Chaque don contribue \u00e0 amplifier l\u2019impact de\" \/>\n<meta name=\"robots\" content=\"index, follow, max-snippet:-1, max-image-preview:large, max-video-preview:-1\" \/>\n<link rel=\"canonical\" href=\"https:\/\/iplmguinee.com\/en\/dons\/\" \/>\n<meta property=\"og:locale\" content=\"en_US\" \/>\n<meta property=\"og:type\" content=\"article\" \/>\n<meta property=\"og:title\" content=\"Dons - IPLM Guin\u00e9e\" \/>\n<meta property=\"og:description\" content=\"Donnez pour permettre \u00e0 nos actions d&#039;avoir un impact plus grand Votre soutien nous aide \u00e0 aller plus loin. Chaque don contribue \u00e0 amplifier l\u2019impact de\" \/>\n<meta property=\"og:url\" content=\"https:\/\/iplmguinee.com\/en\/dons\/\" \/>\n<meta property=\"og:site_name\" content=\"IPLM Guin\u00e9e\" \/>\n<meta property=\"article:publisher\" content=\"https:\/\/www.facebook.com\/iplmgin?mibextid=ZbWKwL\" \/>\n<meta property=\"article:modified_time\" content=\"2024-10-20T23:22:53+00:00\" \/>\n<meta property=\"og:image\" content=\"https:\/\/iplmguinee.com\/wp-content\/uploads\/2024\/10\/iplm-guinee-image-22.jpg\" \/>\n<meta name=\"twitter:card\" content=\"summary_large_image\" \/>\n<meta name=\"twitter:label1\" content=\"Est. reading time\" \/>\n\t<meta name=\"twitter:data1\" content=\"2 minutes\" \/>\n<script type=\"application\/ld+json\" class=\"yoast-schema-graph\">{\"@context\":\"https:\/\/schema.org\",\"@graph\":[{\"@type\":\"WebPage\",\"@id\":\"https:\/\/iplmguinee.com\/dons\/\",\"url\":\"https:\/\/iplmguinee.com\/dons\/\",\"name\":\"Dons - IPLM Guin\u00e9e\",\"isPartOf\":{\"@id\":\"https:\/\/iplmguinee.com\/#website\"},\"primaryImageOfPage\":{\"@id\":\"https:\/\/iplmguinee.com\/dons\/#primaryimage\"},\"image\":{\"@id\":\"https:\/\/iplmguinee.com\/dons\/#primaryimage\"},\"thumbnailUrl\":\"https:\/\/iplmguinee.com\/wp-content\/uploads\/2024\/10\/iplm-guinee-image-22.jpg\",\"datePublished\":\"2024-04-09T12:57:45+00:00\",\"dateModified\":\"2024-10-20T23:22:53+00:00\",\"description\":\"Donnez pour permettre \u00e0 nos actions d'avoir un impact plus grand Votre soutien nous aide \u00e0 aller plus loin. Chaque don contribue \u00e0 amplifier l\u2019impact de\",\"breadcrumb\":{\"@id\":\"https:\/\/iplmguinee.com\/dons\/#breadcrumb\"},\"inLanguage\":\"en-US\",\"potentialAction\":[{\"@type\":\"ReadAction\",\"target\":[\"https:\/\/iplmguinee.com\/dons\/\"]}]},{\"@type\":\"ImageObject\",\"inLanguage\":\"en-US\",\"@id\":\"https:\/\/iplmguinee.com\/dons\/#primaryimage\",\"url\":\"https:\/\/iplmguinee.com\/wp-content\/uploads\/2024\/10\/iplm-guinee-image-22.jpg\",\"contentUrl\":\"https:\/\/iplmguinee.com\/wp-content\/uploads\/2024\/10\/iplm-guinee-image-22.jpg\"},{\"@type\":\"BreadcrumbList\",\"@id\":\"https:\/\/iplmguinee.com\/dons\/#breadcrumb\",\"itemListElement\":[{\"@type\":\"ListItem\",\"position\":1,\"name\":\"Accueil\",\"item\":\"https:\/\/iplmguinee.com\/\"},{\"@type\":\"ListItem\",\"position\":2,\"name\":\"Dons\"}]},{\"@type\":\"WebSite\",\"@id\":\"https:\/\/iplmguinee.com\/#website\",\"url\":\"https:\/\/iplmguinee.com\/\",\"name\":\"IPLM Guin\u00e9e\",\"description\":\"L\u2019initiative patriotique pour un lendemain meilleur\",\"publisher\":{\"@id\":\"https:\/\/iplmguinee.com\/#organization\"},\"potentialAction\":[{\"@type\":\"SearchAction\",\"target\":{\"@type\":\"EntryPoint\",\"urlTemplate\":\"https:\/\/iplmguinee.com\/?s={search_term_string}\"},\"query-input\":{\"@type\":\"PropertyValueSpecification\",\"valueRequired\":true,\"valueName\":\"search_term_string\"}}],\"inLanguage\":\"en-US\"},{\"@type\":\"Organization\",\"@id\":\"https:\/\/iplmguinee.com\/#organization\",\"name\":\"IPLM Guin\u00e9e\",\"url\":\"https:\/\/iplmguinee.com\/\",\"logo\":{\"@type\":\"ImageObject\",\"inLanguage\":\"en-US\",\"@id\":\"https:\/\/iplmguinee.com\/#\/schema\/logo\/image\/\",\"url\":\"https:\/\/iplmguinee.com\/wp-content\/uploads\/2024\/10\/iplm-logo-noir.svg\",\"contentUrl\":\"https:\/\/iplmguinee.com\/wp-content\/uploads\/2024\/10\/iplm-logo-noir.svg\",\"width\":113,\"height\":40,\"caption\":\"IPLM Guin\u00e9e\"},\"image\":{\"@id\":\"https:\/\/iplmguinee.com\/#\/schema\/logo\/image\/\"},\"sameAs\":[\"https:\/\/www.facebook.com\/iplmgin?mibextid=ZbWKwL\",\"https:\/\/www.instagram.com\/iplmgn\/?igsh=MWQ0ZDM2bjcxenB6bw\"]}]}<\/script>\n<!-- \/ Yoast SEO plugin. -->","yoast_head_json":{"title":"Dons - IPLM Guin\u00e9e","description":"Donnez pour permettre \u00e0 nos actions d'avoir un impact plus grand Votre soutien nous aide \u00e0 aller plus loin. Chaque don contribue \u00e0 amplifier l\u2019impact de","robots":{"index":"index","follow":"follow","max-snippet":"max-snippet:-1","max-image-preview":"max-image-preview:large","max-video-preview":"max-video-preview:-1"},"canonical":"https:\/\/iplmguinee.com\/en\/dons\/","og_locale":"en_US","og_type":"article","og_title":"Dons - IPLM Guin\u00e9e","og_description":"Donnez pour permettre \u00e0 nos actions d'avoir un impact plus grand Votre soutien nous aide \u00e0 aller plus loin. Chaque don contribue \u00e0 amplifier l\u2019impact de","og_url":"https:\/\/iplmguinee.com\/en\/dons\/","og_site_name":"IPLM Guin\u00e9e","article_publisher":"https:\/\/www.facebook.com\/iplmgin?mibextid=ZbWKwL","article_modified_time":"2024-10-20T23:22:53+00:00","og_image":[{"url":"https:\/\/iplmguinee.com\/wp-content\/uploads\/2024\/10\/iplm-guinee-image-22.jpg","type":"","width":"","height":""}],"twitter_card":"summary_large_image","twitter_misc":{"Est. reading time":"2 minutes"},"schema":{"@context":"https:\/\/schema.org","@graph":[{"@type":"WebPage","@id":"https:\/\/iplmguinee.com\/dons\/","url":"https:\/\/iplmguinee.com\/dons\/","name":"Dons - IPLM Guin\u00e9e","isPartOf":{"@id":"https:\/\/iplmguinee.com\/#website"},"primaryImageOfPage":{"@id":"https:\/\/iplmguinee.com\/dons\/#primaryimage"},"image":{"@id":"https:\/\/iplmguinee.com\/dons\/#primaryimage"},"thumbnailUrl":"https:\/\/iplmguinee.com\/wp-content\/uploads\/2024\/10\/iplm-guinee-image-22.jpg","datePublished":"2024-04-09T12:57:45+00:00","dateModified":"2024-10-20T23:22:53+00:00","description":"Donnez pour permettre \u00e0 nos actions d'avoir un impact plus grand Votre soutien nous aide \u00e0 aller plus loin. Chaque don contribue \u00e0 amplifier l\u2019impact de","breadcrumb":{"@id":"https:\/\/iplmguinee.com\/dons\/#breadcrumb"},"inLanguage":"en-US","potentialAction":[{"@type":"ReadAction","target":["https:\/\/iplmguinee.com\/dons\/"]}]},{"@type":"ImageObject","inLanguage":"en-US","@id":"https:\/\/iplmguinee.com\/dons\/#primaryimage","url":"https:\/\/iplmguinee.com\/wp-content\/uploads\/2024\/10\/iplm-guinee-image-22.jpg","contentUrl":"https:\/\/iplmguinee.com\/wp-content\/uploads\/2024\/10\/iplm-guinee-image-22.jpg"},{"@type":"BreadcrumbList","@id":"https:\/\/iplmguinee.com\/dons\/#breadcrumb","itemListElement":[{"@type":"ListItem","position":1,"name":"Accueil","item":"https:\/\/iplmguinee.com\/"},{"@type":"ListItem","position":2,"name":"Dons"}]},{"@type":"WebSite","@id":"https:\/\/iplmguinee.com\/#website","url":"https:\/\/iplmguinee.com\/","name":"IPLM Guinea","description":"L\u2019initiative patriotique pour un lendemain meilleur","publisher":{"@id":"https:\/\/iplmguinee.com\/#organization"},"potentialAction":[{"@type":"SearchAction","target":{"@type":"EntryPoint","urlTemplate":"https:\/\/iplmguinee.com\/?s={search_term_string}"},"query-input":{"@type":"PropertyValueSpecification","valueRequired":true,"valueName":"search_term_string"}}],"inLanguage":"en-US"},{"@type":"Organization","@id":"https:\/\/iplmguinee.com\/#organization","name":"IPLM Guinea","url":"https:\/\/iplmguinee.com\/","logo":{"@type":"ImageObject","inLanguage":"en-US","@id":"https:\/\/iplmguinee.com\/#\/schema\/logo\/image\/","url":"https:\/\/iplmguinee.com\/wp-content\/uploads\/2024\/10\/iplm-logo-noir.svg","contentUrl":"https:\/\/iplmguinee.com\/wp-content\/uploads\/2024\/10\/iplm-logo-noir.svg","width":113,"height":40,"caption":"IPLM Guin\u00e9e"},"image":{"@id":"https:\/\/iplmguinee.com\/#\/schema\/logo\/image\/"},"sameAs":["https:\/\/www.facebook.com\/iplmgin?mibextid=ZbWKwL","https:\/\/www.instagram.com\/iplmgn\/?igsh=MWQ0ZDM2bjcxenB6bw"]}]}},"campaignId":"","_links":{"self":[{"href":"https:\/\/iplmguinee.com\/en\/wp-json\/wp\/v2\/pages\/27386","targetHints":{"allow":["GET"]}}],"collection":[{"href":"https:\/\/iplmguinee.com\/en\/wp-json\/wp\/v2\/pages"}],"about":[{"href":"https:\/\/iplmguinee.com\/en\/wp-json\/wp\/v2\/types\/page"}],"author":[{"embeddable":true,"href":"https:\/\/iplmguinee.com\/en\/wp-json\/wp\/v2\/users\/1"}],"replies":[{"embeddable":true,"href":"https:\/\/iplmguinee.com\/en\/wp-json\/wp\/v2\/comments?post=27386"}],"version-history":[{"count":50,"href":"https:\/\/iplmguinee.com\/en\/wp-json\/wp\/v2\/pages\/27386\/revisions"}],"predecessor-version":[{"id":29817,"href":"https:\/\/iplmguinee.com\/en\/wp-json\/wp\/v2\/pages\/27386\/revisions\/29817"}],"wp:attachment":[{"href":"https:\/\/iplmguinee.com\/en\/wp-json\/wp\/v2\/media?parent=27386"}],"curies":[{"name":"wp","href":"https:\/\/api.w.org\/{rel}","templated":true}]}}