{"id":27055,"date":"2024-03-28T12:55:09","date_gmt":"2024-03-28T12:55:09","guid":{"rendered":"https:\/\/amity.keydesign.xyz\/ngo\/?page_id=27055"},"modified":"2024-10-20T23:33:15","modified_gmt":"2024-10-20T23:33:15","slug":"devenir-benevole","status":"publish","type":"page","link":"https:\/\/iplmguinee.com\/en\/devenir-benevole\/","title":{"rendered":"Become a volunteer"},"content":{"rendered":"<div data-elementor-type=\"wp-page\" data-elementor-id=\"27055\" class=\"elementor elementor-27055\">\n\t\t\t\t<div class=\"elementor-element elementor-element-3d97482 e-flex e-con-boxed e-con e-parent\" data-id=\"3d97482\" data-element_type=\"container\" data-settings=\"{&quot;background_background&quot;:&quot;classic&quot;,&quot;shape_divider_bottom&quot;:&quot;curve&quot;,&quot;shape_divider_bottom_negative&quot;:&quot;yes&quot;,&quot;ekit_has_onepagescroll_dot&quot;:&quot;yes&quot;}\">\n\t\t\t\t\t<div class=\"e-con-inner\">\n\t\t\t\t<div class=\"elementor-shape elementor-shape-bottom\" aria-hidden=\"true\" data-negative=\"true\">\n\t\t\t<svg xmlns=\"http:\/\/www.w3.org\/2000\/svg\" viewbox=\"0 0 1000 100\" preserveaspectratio=\"none\">\n\t<path class=\"elementor-shape-fill\" d=\"M500,97C126.7,96.3,0.8,19.8,0,0v100l1000,0V1C1000,19.4,873.3,97.8,500,97z\"\/>\n<\/svg>\t\t<\/div>\n\t\t<div class=\"elementor-element elementor-element-9e76abf e-con-full e-flex e-con e-child\" data-id=\"9e76abf\" data-element_type=\"container\" data-settings=\"{&quot;ekit_has_onepagescroll_dot&quot;:&quot;yes&quot;}\">\n\t\t\t\t<div class=\"elementor-element elementor-element-60231d8 animated-fast elementor-invisible elementor-widget elementor-widget-elementskit-heading\" data-id=\"60231d8\" data-element_type=\"widget\" data-settings=\"{&quot;ekit_we_effect_on&quot;:&quot;css&quot;,&quot;_animation&quot;:&quot;fadeIn&quot;,&quot;_animation_delay&quot;:100}\" data-widget_type=\"elementskit-heading.default\">\n\t\t\t\t<div class=\"elementor-widget-container\">\n\t\t\t\t\t<div class=\"ekit-wid-con\" ><div class=\"ekit-heading elementskit-section-title-wraper text_center   ekit_heading_tablet-   ekit_heading_mobile-text_center\"><h1 class=\"ekit-heading--title elementskit-section-title\">Be an agent of change, become <span><span>volunteer <\/span><\/span><\/h1>\t\t\t\t<div class='ekit-heading__description'>\n\t\t\t\t\t<p>Take action now to help us achieve our mission of making actions more positive.<\/p>\n\t\t\t\t<\/div>\n\t\t\t<\/div><\/div>\t\t\t\t<\/div>\n\t\t\t\t<\/div>\n\t\t\t\t<div class=\"elementor-element elementor-element-6b015d2 animated-fast elementor-invisible elementor-widget elementor-widget-elementskit-breadcrumb\" data-id=\"6b015d2\" data-element_type=\"widget\" data-settings=\"{&quot;_animation&quot;:&quot;fadeIn&quot;,&quot;_animation_delay&quot;:100,&quot;ekit_we_effect_on&quot;:&quot;none&quot;}\" data-widget_type=\"elementskit-breadcrumb.default\">\n\t\t\t\t<div class=\"elementor-widget-container\">\n\t\t\t\t\t<div class=\"ekit-wid-con\" ><ol class=\"ekit-breadcrumb\"><li class=\"ekit_breadcrumbs_start\"><a href=\"https:\/\/iplmguinee.com\/en\">Home<\/a><\/li><\/ol><\/div>\t\t\t\t<\/div>\n\t\t\t\t<\/div>\n\t\t\t\t<\/div>\n\t\t\t\t\t<\/div>\n\t\t\t\t<\/div>\n\t\t<div class=\"elementor-element elementor-element-039d021 e-flex e-con-boxed e-con e-parent\" data-id=\"039d021\" data-element_type=\"container\" data-settings=\"{&quot;background_background&quot;:&quot;gradient&quot;,&quot;ekit_has_onepagescroll_dot&quot;:&quot;yes&quot;}\">\n\t\t\t\t\t<div class=\"e-con-inner\">\n\t\t<div class=\"elementor-element elementor-element-817f0bc e-con-full e-flex e-con e-child\" data-id=\"817f0bc\" data-element_type=\"container\" data-settings=\"{&quot;ekit_has_onepagescroll_dot&quot;:&quot;yes&quot;}\">\n\t\t<div class=\"elementor-element elementor-element-9280aa2 e-con-full animated-fast e-flex elementor-invisible e-con e-child\" data-id=\"9280aa2\" data-element_type=\"container\" data-settings=\"{&quot;background_background&quot;:&quot;classic&quot;,&quot;animation&quot;:&quot;fadeInUp&quot;,&quot;animation_delay&quot;:100,&quot;ekit_has_onepagescroll_dot&quot;:&quot;yes&quot;}\">\n\t\t<div class=\"elementor-element elementor-element-54bb748 e-con-full e-flex e-con e-child\" data-id=\"54bb748\" data-element_type=\"container\" data-settings=\"{&quot;background_background&quot;:&quot;classic&quot;,&quot;ekit_has_onepagescroll_dot&quot;:&quot;yes&quot;}\">\n\t\t\t\t<div class=\"elementor-element elementor-element-8216448 animated-fast elementor-invisible elementor-widget elementor-widget-elementskit-contact-form7\" data-id=\"8216448\" data-element_type=\"widget\" data-settings=\"{&quot;_animation&quot;:&quot;fadeIn&quot;,&quot;_animation_delay&quot;:300,&quot;ekit_we_effect_on&quot;:&quot;none&quot;}\" data-widget_type=\"elementskit-contact-form7.default\">\n\t\t\t\t<div class=\"elementor-widget-container\">\n\t\t\t\t\t<div class=\"ekit-wid-con\" ><div class=\"ekit-form\">\n<div class=\"wpcf7 no-js\" id=\"wpcf7-f26732-o1\" lang=\"en-US\" dir=\"ltr\" data-wpcf7-id=\"26732\">\n<div class=\"screen-reader-response\"><p role=\"status\" aria-live=\"polite\" aria-atomic=\"true\"><\/p> <ul><\/ul><\/div>\n<form action=\"\/en\/wp-json\/wp\/v2\/pages\/27055#wpcf7-f26732-o1\" method=\"post\" class=\"wpcf7-form init\" aria-label=\"Contact form\" novalidate=\"novalidate\" data-status=\"init\" data-trp-original-action=\"\/en\/wp-json\/wp\/v2\/pages\/27055#wpcf7-f26732-o1\">\n<fieldset class=\"hidden-fields-container\"><input type=\"hidden\" name=\"_wpcf7\" value=\"26732\" \/><input type=\"hidden\" name=\"_wpcf7_version\" value=\"6.1.4\" \/><input type=\"hidden\" name=\"_wpcf7_locale\" value=\"en_US\" \/><input type=\"hidden\" name=\"_wpcf7_unit_tag\" value=\"wpcf7-f26732-o1\" \/><input type=\"hidden\" name=\"_wpcf7_container_post\" value=\"0\" \/><input type=\"hidden\" name=\"_wpcf7_posted_data_hash\" value=\"\" \/>\n<\/fieldset>\n<h5 class=\"form-title\">Contact details\n<\/h5>\n<div class=\"keydesign-label\">\n\t<p><label>Votre nom*<\/label><span class=\"wpcf7-form-control-wrap\" data-name=\"your-name\"><input size=\"40\" maxlength=\"400\" class=\"wpcf7-form-control wpcf7-text wpcf7-validates-as-required\" autocomplete=\"name\" aria-required=\"true\" aria-invalid=\"false\" value=\"\" type=\"text\" name=\"your-name\" \/><\/span>\n\t<\/p>\n<\/div>\n<div class=\"keydesign-label\">\n\t<p><label>Phone number*<\/label><span class=\"wpcf7-form-control-wrap\" data-name=\"phone-number\"><input size=\"40\" maxlength=\"400\" class=\"wpcf7-form-control wpcf7-tel wpcf7-validates-as-required wpcf7-text wpcf7-validates-as-tel\" autocomplete=\"tel\" aria-required=\"true\" aria-invalid=\"false\" value=\"\" type=\"tel\" name=\"phone-number\" \/><\/span>\n\t<\/p>\n<\/div>\n<div class=\"keydesign-label\">\n\t<p><label>Email address*<\/label><span class=\"wpcf7-form-control-wrap\" data-name=\"email-address\"><input size=\"40\" maxlength=\"400\" class=\"wpcf7-form-control wpcf7-email wpcf7-validates-as-required wpcf7-text wpcf7-validates-as-email\" autocomplete=\"email\" aria-required=\"true\" aria-invalid=\"false\" value=\"\" type=\"email\" name=\"email-address\" \/><\/span>\n\t<\/p>\n<\/div>\n<h5 class=\"form-title\">Areas of interest\n<\/h5>\n<p><span class=\"wpcf7-form-control-wrap\" data-name=\"skills-checkboxes\"><span class=\"wpcf7-form-control wpcf7-checkbox\"><span class=\"wpcf7-list-item first\"><label><input type=\"checkbox\" name=\"skills-checkboxes[]\" value=\"\u00c9ducation\" \/><span class=\"wpcf7-list-item-label\">Education<\/span><\/label><\/span><span class=\"wpcf7-list-item\"><label><input type=\"checkbox\" name=\"skills-checkboxes[]\" value=\"Humanitaire\" \/><span class=\"wpcf7-list-item-label\">Humanitarian<\/span><\/label><\/span><span class=\"wpcf7-list-item\"><label><input type=\"checkbox\" name=\"skills-checkboxes[]\" value=\"IT\" \/><span class=\"wpcf7-list-item-label\">IT<\/span><\/label><\/span><span class=\"wpcf7-list-item last\"><label><input type=\"checkbox\" name=\"skills-checkboxes[]\" value=\"Business\" \/><span class=\"wpcf7-list-item-label\">Entrepreneurship<\/span><\/label><\/span><\/span><\/span>\n<\/p>\n<h5 class=\"form-title\">Additional information (optional)\n<\/h5>\n<div class=\"keydesign-label\">\n\t<p><label>Would you like to share any other details?<\/label><span class=\"wpcf7-form-control-wrap\" data-name=\"your-message\"><textarea cols=\"40\" rows=\"10\" maxlength=\"2000\" class=\"wpcf7-form-control wpcf7-textarea\" aria-invalid=\"false\" name=\"your-message\"><\/textarea><\/span>\n\t<\/p>\n<\/div>\n<p><span class=\"wpcf7-form-control-wrap\" data-name=\"your-consent\"><span class=\"wpcf7-form-control wpcf7-acceptance\"><span class=\"wpcf7-list-item\"><label><input type=\"checkbox\" name=\"your-consent\" value=\"1\" aria-invalid=\"false\" \/><span class=\"wpcf7-list-item-label\">I accept the <a href=\"https:\/\/iplmguinee.com\/en\/politique-de-confidentialite\/\" target=\"_blank\">Privacy Policy<\/a>.<\/span><\/label><\/span><\/span><\/span>\n<\/p>\n<p><input class=\"wpcf7-form-control wpcf7-submit has-spinner\" type=\"submit\" value=\"Submit your request\" \/>\n<\/p><p style=\"display: none !important;\" class=\"akismet-fields-container\" data-prefix=\"_wpcf7_ak_\"><label>&#916;<textarea name=\"_wpcf7_ak_hp_textarea\" cols=\"45\" rows=\"8\" maxlength=\"100\"><\/textarea><\/label><input type=\"hidden\" id=\"ak_js_1\" name=\"_wpcf7_ak_js\" value=\"140\"\/><script>document.getElementById( \"ak_js_1\" ).setAttribute( \"value\", ( new Date() ).getTime() );<\/script><\/p><div class=\"wpcf7-response-output\" aria-hidden=\"true\"><\/div>\n<input type=\"hidden\" name=\"trp-form-language\" value=\"en\"\/><\/form>\n<\/div>\n<\/div><\/div>\t\t\t\t<\/div>\n\t\t\t\t<\/div>\n\t\t\t\t<\/div>\n\t\t<div class=\"elementor-element elementor-element-f4de2a4 e-con-full e-flex e-con e-child\" data-id=\"f4de2a4\" data-element_type=\"container\" data-settings=\"{&quot;background_background&quot;:&quot;classic&quot;,&quot;ekit_has_onepagescroll_dot&quot;:&quot;yes&quot;}\">\n\t\t\t\t<\/div>\n\t\t\t\t<\/div>\n\t\t\t\t<\/div>\n\t\t\t\t\t<\/div>\n\t\t\t\t<\/div>\n\t\t<div class=\"elementor-element elementor-element-021c9ca e-flex e-con-boxed e-con e-parent\" data-id=\"021c9ca\" data-element_type=\"container\" data-settings=\"{&quot;background_background&quot;:&quot;classic&quot;,&quot;ekit_has_onepagescroll_dot&quot;:&quot;yes&quot;}\">\n\t\t\t\t\t<div class=\"e-con-inner\">\n\t\t<div class=\"elementor-element elementor-element-37000d2 e-con-full e-flex e-con e-child\" data-id=\"37000d2\" data-element_type=\"container\" data-settings=\"{&quot;ekit_has_onepagescroll_dot&quot;:&quot;yes&quot;}\">\n\t\t\t\t<div class=\"elementor-element elementor-element-f03a578 animated-fast elementor-widget__width-initial elementor-invisible elementor-widget elementor-widget-elementskit-heading\" data-id=\"f03a578\" data-element_type=\"widget\" data-settings=\"{&quot;ekit_we_effect_on&quot;:&quot;css&quot;,&quot;_animation&quot;:&quot;fadeIn&quot;,&quot;_animation_delay&quot;:100}\" data-widget_type=\"elementskit-heading.default\">\n\t\t\t\t<div class=\"elementor-widget-container\">\n\t\t\t\t\t<div class=\"ekit-wid-con\" ><div class=\"ekit-heading elementskit-section-title-wraper text_center   ekit_heading_tablet-   ekit_heading_mobile-text_left\"><h6 class=\"elementskit-section-subtitle\">\n\t\t\t\t\t\tGet involved\n\t\t\t\t\t<\/h6><h2 class=\"ekit-heading--title elementskit-section-title\">Together we<br> we have the power to act<\/h2>\t\t\t\t<div class='ekit-heading__description'>\n\t\t\t\t\t<p>Whether you are an individual, a business or a charity, there are many ways to get involved.<\/p>\n\t\t\t\t<\/div>\n\t\t\t<\/div><\/div>\t\t\t\t<\/div>\n\t\t\t\t<\/div>\n\t\t<div class=\"elementor-element elementor-element-c6b4d20 e-flex e-con-boxed e-con e-child\" data-id=\"c6b4d20\" data-element_type=\"container\" data-settings=\"{&quot;ekit_has_onepagescroll_dot&quot;:&quot;yes&quot;}\">\n\t\t\t\t\t<div class=\"e-con-inner\">\n\t\t\t\t<div class=\"elementor-element elementor-element-5804ccd elementor-align-left animated-fast elementor-invisible elementor-widget elementor-widget-elementskit-button\" data-id=\"5804ccd\" data-element_type=\"widget\" data-settings=\"{&quot;_animation&quot;:&quot;pulse&quot;,&quot;_animation_delay&quot;:200,&quot;ekit_we_effect_on&quot;:&quot;none&quot;}\" data-widget_type=\"elementskit-button.default\">\n\t\t\t\t<div class=\"elementor-widget-container\">\n\t\t\t\t\t<div class=\"ekit-wid-con\" >\t\t<div class=\"ekit-btn-wraper\">\n\t\t\t\t\t\t\t<a href=\"https:\/\/iplmguinee.com\/en\/dons\/\" class=\"elementskit-btn  whitespace--normal\" id=\"\">\n\t\t\t\t\tMake a donation<i class=\"icon icon-right-arrow\"><\/i>\t\t\t\t<\/a>\n\t\t\t\t\t<\/div>\n        <\/div>\t\t\t\t<\/div>\n\t\t\t\t<\/div>\n\t\t\t\t\t<\/div>\n\t\t\t\t<\/div>\n\t\t\t\t<\/div>\n\t\t\t\t\t<\/div>\n\t\t\t\t<\/div>\n\t\t\t\t<\/div>","protected":false},"excerpt":{"rendered":"<p>Soyez un acteur du changement, devenez b\u00e9n\u00e9vole Engagez-vous d\u00e8s maintenant pour contribuer \u00e0 notre mission de rendre les actions plus positives. Home Coordonn\u00e9es Votre nom * Num\u00e9ro de t\u00e9l\u00e9phone * Adresse e-mail * Domaines d&rsquo;int\u00e9r\u00eat \u00c9ducationHumanitaireITBusiness Informations compl\u00e9mentaires (facultatif) Souhaitez-vous partager d&rsquo;autres d\u00e9tails ? J&rsquo;accepte les Politique de confidentialit\u00e9. &#916; Impliquez-vous Ensemble, nous avons le [&hellip;]<\/p>","protected":false},"author":1,"featured_media":0,"parent":0,"menu_order":0,"comment_status":"closed","ping_status":"closed","template":"","meta":{"give_campaign_id":0,"footnotes":""},"class_list":["post-27055","page","type-page","status-publish","hentry"],"yoast_head":"<!-- This site is optimized with the Yoast SEO plugin v26.5 - https:\/\/yoast.com\/wordpress\/plugins\/seo\/ -->\n<title>Devenir b\u00e9n\u00e9vole - IPLM Guin\u00e9e<\/title>\n<meta name=\"description\" content=\"Soyez un acteur du changement, devenez b\u00e9n\u00e9vole Engagez-vous d\u00e8s maintenant pour contribuer \u00e0 notre mission de rendre les actions plus positives. Home\" \/>\n<meta name=\"robots\" content=\"index, follow, max-snippet:-1, max-image-preview:large, max-video-preview:-1\" \/>\n<link rel=\"canonical\" href=\"https:\/\/iplmguinee.com\/en\/devenir-benevole\/\" \/>\n<meta property=\"og:locale\" content=\"en_US\" \/>\n<meta property=\"og:type\" content=\"article\" \/>\n<meta property=\"og:title\" content=\"Devenir b\u00e9n\u00e9vole - IPLM Guin\u00e9e\" \/>\n<meta property=\"og:description\" content=\"Soyez un acteur du changement, devenez b\u00e9n\u00e9vole Engagez-vous d\u00e8s maintenant pour contribuer \u00e0 notre mission de rendre les actions plus positives. Home\" \/>\n<meta property=\"og:url\" content=\"https:\/\/iplmguinee.com\/en\/devenir-benevole\/\" \/>\n<meta property=\"og:site_name\" content=\"IPLM Guin\u00e9e\" \/>\n<meta property=\"article:publisher\" content=\"https:\/\/www.facebook.com\/iplmgin?mibextid=ZbWKwL\" \/>\n<meta property=\"article:modified_time\" content=\"2024-10-20T23:33:15+00:00\" \/>\n<meta name=\"twitter:card\" content=\"summary_large_image\" \/>\n<meta name=\"twitter:label1\" content=\"Est. reading time\" \/>\n\t<meta name=\"twitter:data1\" content=\"1 minute\" \/>\n<script type=\"application\/ld+json\" class=\"yoast-schema-graph\">{\"@context\":\"https:\/\/schema.org\",\"@graph\":[{\"@type\":\"WebPage\",\"@id\":\"https:\/\/iplmguinee.com\/devenir-benevole\/\",\"url\":\"https:\/\/iplmguinee.com\/devenir-benevole\/\",\"name\":\"Devenir b\u00e9n\u00e9vole - IPLM Guin\u00e9e\",\"isPartOf\":{\"@id\":\"https:\/\/iplmguinee.com\/#website\"},\"datePublished\":\"2024-03-28T12:55:09+00:00\",\"dateModified\":\"2024-10-20T23:33:15+00:00\",\"description\":\"Soyez un acteur du changement, devenez b\u00e9n\u00e9vole Engagez-vous d\u00e8s maintenant pour contribuer \u00e0 notre mission de rendre les actions plus positives. Home\",\"breadcrumb\":{\"@id\":\"https:\/\/iplmguinee.com\/devenir-benevole\/#breadcrumb\"},\"inLanguage\":\"en-US\",\"potentialAction\":[{\"@type\":\"ReadAction\",\"target\":[\"https:\/\/iplmguinee.com\/devenir-benevole\/\"]}]},{\"@type\":\"BreadcrumbList\",\"@id\":\"https:\/\/iplmguinee.com\/devenir-benevole\/#breadcrumb\",\"itemListElement\":[{\"@type\":\"ListItem\",\"position\":1,\"name\":\"Accueil\",\"item\":\"https:\/\/iplmguinee.com\/\"},{\"@type\":\"ListItem\",\"position\":2,\"name\":\"Devenir b\u00e9n\u00e9vole\"}]},{\"@type\":\"WebSite\",\"@id\":\"https:\/\/iplmguinee.com\/#website\",\"url\":\"https:\/\/iplmguinee.com\/\",\"name\":\"IPLM Guin\u00e9e\",\"description\":\"L\u2019initiative patriotique pour un lendemain meilleur\",\"publisher\":{\"@id\":\"https:\/\/iplmguinee.com\/#organization\"},\"potentialAction\":[{\"@type\":\"SearchAction\",\"target\":{\"@type\":\"EntryPoint\",\"urlTemplate\":\"https:\/\/iplmguinee.com\/?s={search_term_string}\"},\"query-input\":{\"@type\":\"PropertyValueSpecification\",\"valueRequired\":true,\"valueName\":\"search_term_string\"}}],\"inLanguage\":\"en-US\"},{\"@type\":\"Organization\",\"@id\":\"https:\/\/iplmguinee.com\/#organization\",\"name\":\"IPLM Guin\u00e9e\",\"url\":\"https:\/\/iplmguinee.com\/\",\"logo\":{\"@type\":\"ImageObject\",\"inLanguage\":\"en-US\",\"@id\":\"https:\/\/iplmguinee.com\/#\/schema\/logo\/image\/\",\"url\":\"https:\/\/iplmguinee.com\/wp-content\/uploads\/2024\/10\/iplm-logo-noir.svg\",\"contentUrl\":\"https:\/\/iplmguinee.com\/wp-content\/uploads\/2024\/10\/iplm-logo-noir.svg\",\"width\":113,\"height\":40,\"caption\":\"IPLM Guin\u00e9e\"},\"image\":{\"@id\":\"https:\/\/iplmguinee.com\/#\/schema\/logo\/image\/\"},\"sameAs\":[\"https:\/\/www.facebook.com\/iplmgin?mibextid=ZbWKwL\",\"https:\/\/www.instagram.com\/iplmgn\/?igsh=MWQ0ZDM2bjcxenB6bw\"]}]}<\/script>\n<!-- \/ Yoast SEO plugin. -->","yoast_head_json":{"title":"Devenir b\u00e9n\u00e9vole - IPLM Guin\u00e9e","description":"Soyez un acteur du changement, devenez b\u00e9n\u00e9vole Engagez-vous d\u00e8s maintenant pour contribuer \u00e0 notre mission de rendre les actions plus positives. Home","robots":{"index":"index","follow":"follow","max-snippet":"max-snippet:-1","max-image-preview":"max-image-preview:large","max-video-preview":"max-video-preview:-1"},"canonical":"https:\/\/iplmguinee.com\/en\/devenir-benevole\/","og_locale":"en_US","og_type":"article","og_title":"Devenir b\u00e9n\u00e9vole - IPLM Guin\u00e9e","og_description":"Soyez un acteur du changement, devenez b\u00e9n\u00e9vole Engagez-vous d\u00e8s maintenant pour contribuer \u00e0 notre mission de rendre les actions plus positives. Home","og_url":"https:\/\/iplmguinee.com\/en\/devenir-benevole\/","og_site_name":"IPLM Guin\u00e9e","article_publisher":"https:\/\/www.facebook.com\/iplmgin?mibextid=ZbWKwL","article_modified_time":"2024-10-20T23:33:15+00:00","twitter_card":"summary_large_image","twitter_misc":{"Est. reading time":"1 minute"},"schema":{"@context":"https:\/\/schema.org","@graph":[{"@type":"WebPage","@id":"https:\/\/iplmguinee.com\/devenir-benevole\/","url":"https:\/\/iplmguinee.com\/devenir-benevole\/","name":"Devenir b\u00e9n\u00e9vole - IPLM Guin\u00e9e","isPartOf":{"@id":"https:\/\/iplmguinee.com\/#website"},"datePublished":"2024-03-28T12:55:09+00:00","dateModified":"2024-10-20T23:33:15+00:00","description":"Soyez un acteur du changement, devenez b\u00e9n\u00e9vole Engagez-vous d\u00e8s maintenant pour contribuer \u00e0 notre mission de rendre les actions plus positives. Home","breadcrumb":{"@id":"https:\/\/iplmguinee.com\/devenir-benevole\/#breadcrumb"},"inLanguage":"en-US","potentialAction":[{"@type":"ReadAction","target":["https:\/\/iplmguinee.com\/devenir-benevole\/"]}]},{"@type":"BreadcrumbList","@id":"https:\/\/iplmguinee.com\/devenir-benevole\/#breadcrumb","itemListElement":[{"@type":"ListItem","position":1,"name":"Accueil","item":"https:\/\/iplmguinee.com\/"},{"@type":"ListItem","position":2,"name":"Devenir b\u00e9n\u00e9vole"}]},{"@type":"WebSite","@id":"https:\/\/iplmguinee.com\/#website","url":"https:\/\/iplmguinee.com\/","name":"IPLM Guinea","description":"L\u2019initiative patriotique pour un lendemain meilleur","publisher":{"@id":"https:\/\/iplmguinee.com\/#organization"},"potentialAction":[{"@type":"SearchAction","target":{"@type":"EntryPoint","urlTemplate":"https:\/\/iplmguinee.com\/?s={search_term_string}"},"query-input":{"@type":"PropertyValueSpecification","valueRequired":true,"valueName":"search_term_string"}}],"inLanguage":"en-US"},{"@type":"Organization","@id":"https:\/\/iplmguinee.com\/#organization","name":"IPLM Guinea","url":"https:\/\/iplmguinee.com\/","logo":{"@type":"ImageObject","inLanguage":"en-US","@id":"https:\/\/iplmguinee.com\/#\/schema\/logo\/image\/","url":"https:\/\/iplmguinee.com\/wp-content\/uploads\/2024\/10\/iplm-logo-noir.svg","contentUrl":"https:\/\/iplmguinee.com\/wp-content\/uploads\/2024\/10\/iplm-logo-noir.svg","width":113,"height":40,"caption":"IPLM Guin\u00e9e"},"image":{"@id":"https:\/\/iplmguinee.com\/#\/schema\/logo\/image\/"},"sameAs":["https:\/\/www.facebook.com\/iplmgin?mibextid=ZbWKwL","https:\/\/www.instagram.com\/iplmgn\/?igsh=MWQ0ZDM2bjcxenB6bw"]}]}},"campaignId":"","_links":{"self":[{"href":"https:\/\/iplmguinee.com\/en\/wp-json\/wp\/v2\/pages\/27055","targetHints":{"allow":["GET"]}}],"collection":[{"href":"https:\/\/iplmguinee.com\/en\/wp-json\/wp\/v2\/pages"}],"about":[{"href":"https:\/\/iplmguinee.com\/en\/wp-json\/wp\/v2\/types\/page"}],"author":[{"embeddable":true,"href":"https:\/\/iplmguinee.com\/en\/wp-json\/wp\/v2\/users\/1"}],"replies":[{"embeddable":true,"href":"https:\/\/iplmguinee.com\/en\/wp-json\/wp\/v2\/comments?post=27055"}],"version-history":[{"count":29,"href":"https:\/\/iplmguinee.com\/en\/wp-json\/wp\/v2\/pages\/27055\/revisions"}],"predecessor-version":[{"id":29838,"href":"https:\/\/iplmguinee.com\/en\/wp-json\/wp\/v2\/pages\/27055\/revisions\/29838"}],"wp:attachment":[{"href":"https:\/\/iplmguinee.com\/en\/wp-json\/wp\/v2\/media?parent=27055"}],"curies":[{"name":"wp","href":"https:\/\/api.w.org\/{rel}","templated":true}]}}